{"id":1733,"date":"2020-12-14T14:57:46","date_gmt":"2020-12-14T13:57:46","guid":{"rendered":"https:\/\/oamarquitectos.es\/?page_id=1733"},"modified":"2020-12-17T13:06:56","modified_gmt":"2020-12-17T12:06:56","slug":"servicios","status":"publish","type":"page","link":"https:\/\/oamarquitectos.es\/es\/servicios\/","title":{"rendered":"SERVICIOS"},"content":{"rendered":"\n<div style=\"height:20px\" aria-hidden=\"true\" class=\"wp-block-spacer\"><\/div>\n\n\n\n<h1 class=\"gb-headline gb-headline-6448a75a gb-headline-text\">SERVICIOS<\/h1>\n\n\n\n<h2 class=\"gb-headline gb-headline-87c163a3 gb-headline-text\">Otros Servicios de Arquitectura<\/h2>\n\n\n\n<h3 class=\"gb-headline gb-headline-2e1a6980 gb-headline-text negrita_servicios\" id=\"Projects_Man\">Gesti\u00f3n de Proyectos.<\/h3>\n\n\n<div class=\"gb-grid-wrapper gb-grid-wrapper-e988e51a\">\n<div class=\"gb-grid-column gb-grid-column-308d4c79\"><div class=\"gb-container gb-container-308d4c79\"><div class=\"gb-inside-container\">\n\n<p>Gesti\u00f3n y coordinaci\u00f3n de los trabajos y actuaciones necesarias para la realizaci\u00f3n de un proyecto completo de arquitectura y urbanismo. Respuesta integral desde el comienzo de la contrataci\u00f3n del proyecto hasta la entrega del mismo al cliente<\/p>\n\n<\/div><\/div><\/div>\n\n<div class=\"gb-grid-column gb-grid-column-6f9525a7\"><div class=\"gb-container gb-container-6f9525a7\"><div class=\"gb-inside-container\">\n\n<div class=\"wp-block-image\"><figure class=\"aligncenter size-full is-resized\"><img decoding=\"async\" src=\"https:\/\/oamarquitectos.es\/wp-content\/uploads\/2020\/12\/GESTION-PROYECTOS-1.jpg\" alt=\"\" class=\"wp-image-1886\" width=\"315\" height=\"315\" srcset=\"https:\/\/oamarquitectos.es\/wp-content\/uploads\/2020\/12\/GESTION-PROYECTOS-1.jpg 630w, https:\/\/oamarquitectos.es\/wp-content\/uploads\/2020\/12\/GESTION-PROYECTOS-1-300x300.jpg 300w, https:\/\/oamarquitectos.es\/wp-content\/uploads\/2020\/12\/GESTION-PROYECTOS-1-150x150.jpg 150w\" sizes=\"(max-width: 315px) 100vw, 315px\" \/><\/figure><\/div>\n\n<\/div><\/div><\/div>\n<\/div>\n\n\n<h3 class=\"gb-headline gb-headline-ea9f29f5 gb-headline-text negrita_servicios\" id=\"Tec_cons\">Consultor\u00eda T\u00e9cnica.<\/h3>\n\n\n<div class=\"gb-grid-wrapper gb-grid-wrapper-aee21a66\">\n<div class=\"gb-grid-column gb-grid-column-643b437d\"><div class=\"gb-container gb-container-643b437d\"><div class=\"gb-inside-container\">\n\n<p>Asesor\u00eda t\u00e9cnica a Promotores, Constructores y Agentes relacionados al sector inmobiliario para el correcto desarrollo integral de un proyecto o cuestiones t\u00e9cnicas: Consultor\u00eda T\u00e9cnica y Estudios de Viabilidad T\u00e9cnico-Econ\u00f3micos. Seguimiento de la obtenci\u00f3n de permisos administrativos en distintos organismos, asesor\u00eda de contrataci\u00f3n de obra, asesoramiento complementario a la Direcci\u00f3n de Obra, Documentaci\u00f3n Final de Obra para contratos de compraventa, seguimiento y control de Obra, y Elaboraci\u00f3n de los proyectos t\u00e9cnicos para conservaci\u00f3n y mantenimiento de edificios, asesoramiento urban\u00edstico\u2026<\/p>\n\n<\/div><\/div><\/div>\n\n<div class=\"gb-grid-column gb-grid-column-029e1fdd\"><div class=\"gb-container gb-container-029e1fdd\"><div class=\"gb-inside-container\">\n\n<div class=\"wp-block-image\"><figure class=\"aligncenter size-full is-resized\"><img decoding=\"async\" src=\"https:\/\/oamarquitectos.es\/wp-content\/uploads\/2020\/12\/CONSULTORIA-TECNICA-1.jpg\" alt=\"\" class=\"wp-image-1865\" width=\"315\" height=\"315\" srcset=\"https:\/\/oamarquitectos.es\/wp-content\/uploads\/2020\/12\/CONSULTORIA-TECNICA-1.jpg 630w, https:\/\/oamarquitectos.es\/wp-content\/uploads\/2020\/12\/CONSULTORIA-TECNICA-1-300x300.jpg 300w, https:\/\/oamarquitectos.es\/wp-content\/uploads\/2020\/12\/CONSULTORIA-TECNICA-1-150x150.jpg 150w\" sizes=\"(max-width: 315px) 100vw, 315px\" \/><\/figure><\/div>\n\n<\/div><\/div><\/div>\n<\/div>\n\n\n<h3 class=\"gb-headline gb-headline-ca8041b3 gb-headline-text negrita_servicios\" id=\"Arch_proj\">Proyectos para promotoras y grupos inversores.<\/h3>\n\n\n\n<p>Servicio de llave en mano. Gesti\u00f3n de todo el proceso de la construcci\u00f3n: desde la redacci\u00f3n del Proyecto y toda la documentaci\u00f3n necesaria para obtener la licencia de obra, seguimiento de todas las fases de la construcci\u00f3n, hasta la documentaci\u00f3n final de la obra para su ocupaci\u00f3n. Realizamos todo tipo de proyectos: viviendas unifamiliares, promociones residenciales, edificios de equipamientos, hoteles, hosteler\u00eda y en cualquier ubicaci\u00f3n.<\/p>\n\n\n<div class=\"gb-grid-wrapper gb-grid-wrapper-ee827540\">\n<div class=\"gb-grid-column gb-grid-column-7c02c51b\"><div class=\"gb-container gb-container-7c02c51b\"><div class=\"gb-inside-container\"><\/div><\/div><\/div>\n\n<div class=\"gb-grid-column gb-grid-column-ff786a19\"><div class=\"gb-container gb-container-ff786a19\"><div class=\"gb-inside-container\">\n\n<div class=\"wp-block-image\"><figure class=\"aligncenter size-full is-resized\"><img decoding=\"async\" src=\"https:\/\/oamarquitectos.es\/wp-content\/uploads\/2020\/12\/PROYECTOS-PARA-PROMOTORAS-1.jpg\" alt=\"\" class=\"wp-image-1869\" width=\"337\" height=\"337\" srcset=\"https:\/\/oamarquitectos.es\/wp-content\/uploads\/2020\/12\/PROYECTOS-PARA-PROMOTORAS-1.jpg 630w, https:\/\/oamarquitectos.es\/wp-content\/uploads\/2020\/12\/PROYECTOS-PARA-PROMOTORAS-1-300x300.jpg 300w, https:\/\/oamarquitectos.es\/wp-content\/uploads\/2020\/12\/PROYECTOS-PARA-PROMOTORAS-1-150x150.jpg 150w\" sizes=\"(max-width: 337px) 100vw, 337px\" \/><\/figure><\/div>\n\n<\/div><\/div><\/div>\n\n<div class=\"gb-grid-column gb-grid-column-f450a497\"><div class=\"gb-container gb-container-f450a497\"><div class=\"gb-inside-container\">\n\n<div class=\"wp-block-image\"><figure class=\"aligncenter size-full is-resized\"><img decoding=\"async\" src=\"https:\/\/oamarquitectos.es\/wp-content\/uploads\/2020\/12\/PROYECTOS-PARA-PROMOTORAS-2.jpg\" alt=\"\" class=\"wp-image-1883\" width=\"337\" height=\"337\" srcset=\"https:\/\/oamarquitectos.es\/wp-content\/uploads\/2020\/12\/PROYECTOS-PARA-PROMOTORAS-2.jpg 630w, https:\/\/oamarquitectos.es\/wp-content\/uploads\/2020\/12\/PROYECTOS-PARA-PROMOTORAS-2-300x300.jpg 300w, https:\/\/oamarquitectos.es\/wp-content\/uploads\/2020\/12\/PROYECTOS-PARA-PROMOTORAS-2-150x150.jpg 150w\" sizes=\"(max-width: 337px) 100vw, 337px\" \/><\/figure><\/div>\n\n<\/div><\/div><\/div>\n\n<div class=\"gb-grid-column gb-grid-column-bab9be1b\"><div class=\"gb-container gb-container-bab9be1b\"><div class=\"gb-inside-container\"><\/div><\/div><\/div>\n<\/div>\n\n\n<h3 class=\"gb-headline gb-headline-b3ff7398 gb-headline-text negrita_servicios\" id=\"Urb_Sur\">Gesti\u00f3n Urban\u00edstica, <\/h3>\n\n\n\n<p>Estudio, b\u00fasqueda y an\u00e1lisis de fincas con objeto de realizar Informes Urban\u00edsticos en los que se contemplar\u00e1 su calificaci\u00f3n y viabilidad de proyectos. La informaci\u00f3n de fincas se recabar\u00e1 de los organismos p\u00fablicos y privados con competencias atribuidas en materia urban\u00edstica con objeto de conocer el estado f\u00edsico, jur\u00eddico y registral de las propiedades.<\/p>\n\n\n\n<h3 class=\"gb-headline gb-headline-8c276156 gb-headline-text negrita_servicios\" id=\"Buil_Tech\">Inspecciones T\u00e9cnicas de Edificios <\/h3>\n\n\n<div class=\"gb-grid-wrapper gb-grid-wrapper-8d981ff2\">\n<div class=\"gb-grid-column gb-grid-column-7c39bd23\"><div class=\"gb-container gb-container-7c39bd23\"><div class=\"gb-inside-container\">\n\n<div class=\"wp-block-image\"><figure class=\"alignleft size-full is-resized\"><img decoding=\"async\" src=\"https:\/\/oamarquitectos.es\/wp-content\/uploads\/2020\/12\/INSPECCIONES-TECNICAS-EDIFICIOS-1.jpg\" alt=\"\" class=\"wp-image-1867\" width=\"315\" height=\"315\" srcset=\"https:\/\/oamarquitectos.es\/wp-content\/uploads\/2020\/12\/INSPECCIONES-TECNICAS-EDIFICIOS-1.jpg 630w, https:\/\/oamarquitectos.es\/wp-content\/uploads\/2020\/12\/INSPECCIONES-TECNICAS-EDIFICIOS-1-300x300.jpg 300w, https:\/\/oamarquitectos.es\/wp-content\/uploads\/2020\/12\/INSPECCIONES-TECNICAS-EDIFICIOS-1-150x150.jpg 150w\" sizes=\"(max-width: 315px) 100vw, 315px\" \/><\/figure><\/div>\n\n<\/div><\/div><\/div>\n\n<div class=\"gb-grid-column gb-grid-column-04a50424\"><div class=\"gb-container gb-container-04a50424\"><div class=\"gb-inside-container\">\n\n<p>ITE es un control t\u00e9cnico al que deben someterse los edificios peri\u00f3dicamente y donde revisan los elementos que afectan a la seguridad del inmueble (condiciones de estabilidad, seguridad, estanqueidad, consolidaci\u00f3n y habitabilidad de edificios) y de las personas que lo habitan. Reguladas por el Real Decreto-ley 8\/2011 de 1 de julio y por las distintas Ordenanzas Municipales, que determinan las condiciones para las inspecciones.<\/p>\n\n<\/div><\/div><\/div>\n<\/div>\n\n\n<div style=\"height:20px\" aria-hidden=\"true\" class=\"wp-block-spacer\"><\/div>\n\n\n\n<h3 class=\"gb-headline gb-headline-ef911fc7 gb-headline-text negrita_servicios\">CONTACT<\/h3>\n\n\n\n<p>P<a rel=\"noreferrer noopener\" href=\"https:\/\/maps.google.com\/?q=36.72101,-4.40868\" target=\"_blank\">ASEO REDING 41, 1\u00baD 29016.M\u00c1LAGA<\/a><br>T: <a href=\"tel:+34 951 765 790\">+34 951 765 790<\/a><br>E: <a href=\"mailto:estudio@oamarquitectos.es\">estudio@oamarquitectos.es<\/a><\/p>\n","protected":false},"excerpt":{"rendered":"","protected":false},"author":3,"featured_media":0,"parent":0,"menu_order":0,"comment_status":"closed","ping_status":"closed","template":"","meta":{"footnotes":""},"class_list":{"0":"post-1733","1":"page","2":"type-page","3":"status-publish","5":"no-featured-image-padding"},"yoast_head":"<!-- This site is optimized with the Yoast SEO plugin v27.2 - https:\/\/yoast.com\/product\/yoast-seo-wordpress\/ -->\n<title>SERVICIOS - OFICINA DE ARQUITECTURA MALAGA<\/title>\n<meta name=\"robots\" content=\"index, follow, max-snippet:-1, max-image-preview:large, max-video-preview:-1\" \/>\n<link rel=\"canonical\" href=\"https:\/\/oamarquitectos.es\/es\/servicios\/\" \/>\n<meta property=\"og:locale\" content=\"es_ES\" \/>\n<meta property=\"og:type\" content=\"article\" \/>\n<meta property=\"og:title\" content=\"SERVICIOS - OFICINA DE ARQUITECTURA MALAGA\" \/>\n<meta property=\"og:url\" content=\"https:\/\/oamarquitectos.es\/es\/servicios\/\" \/>\n<meta property=\"og:site_name\" content=\"OFICINA DE ARQUITECTURA MALAGA\" \/>\n<meta property=\"article:modified_time\" content=\"2020-12-17T12:06:56+00:00\" \/>\n<meta property=\"og:image\" content=\"https:\/\/oamarquitectos.es\/wp-content\/uploads\/2020\/12\/GESTION-PROYECTOS-1.jpg\" \/>\n<meta name=\"twitter:card\" content=\"summary_large_image\" \/>\n<script type=\"application\/ld+json\" class=\"yoast-schema-graph\">{\"@context\":\"https:\/\/schema.org\",\"@graph\":[{\"@type\":\"WebPage\",\"@id\":\"https:\/\/oamarquitectos.es\/es\/servicios\/\",\"url\":\"https:\/\/oamarquitectos.es\/es\/servicios\/\",\"name\":\"SERVICIOS - OFICINA DE ARQUITECTURA MALAGA\",\"isPartOf\":{\"@id\":\"https:\/\/oamarquitectos.es\/es\/#website\"},\"primaryImageOfPage\":{\"@id\":\"https:\/\/oamarquitectos.es\/es\/servicios\/#primaryimage\"},\"image\":{\"@id\":\"https:\/\/oamarquitectos.es\/es\/servicios\/#primaryimage\"},\"thumbnailUrl\":\"https:\/\/oamarquitectos.es\/wp-content\/uploads\/2020\/12\/GESTION-PROYECTOS-1.jpg\",\"datePublished\":\"2020-12-14T13:57:46+00:00\",\"dateModified\":\"2020-12-17T12:06:56+00:00\",\"breadcrumb\":{\"@id\":\"https:\/\/oamarquitectos.es\/es\/servicios\/#breadcrumb\"},\"inLanguage\":\"es\",\"potentialAction\":[{\"@type\":\"ReadAction\",\"target\":[\"https:\/\/oamarquitectos.es\/es\/servicios\/\"]}]},{\"@type\":\"ImageObject\",\"inLanguage\":\"es\",\"@id\":\"https:\/\/oamarquitectos.es\/es\/servicios\/#primaryimage\",\"url\":\"https:\/\/oamarquitectos.es\/wp-content\/uploads\/2020\/12\/GESTION-PROYECTOS-1.jpg\",\"contentUrl\":\"https:\/\/oamarquitectos.es\/wp-content\/uploads\/2020\/12\/GESTION-PROYECTOS-1.jpg\"},{\"@type\":\"BreadcrumbList\",\"@id\":\"https:\/\/oamarquitectos.es\/es\/servicios\/#breadcrumb\",\"itemListElement\":[{\"@type\":\"ListItem\",\"position\":1,\"name\":\"Portada\",\"item\":\"https:\/\/oamarquitectos.es\/es\/\"},{\"@type\":\"ListItem\",\"position\":2,\"name\":\"SERVICIOS\"}]},{\"@type\":\"WebSite\",\"@id\":\"https:\/\/oamarquitectos.es\/es\/#website\",\"url\":\"https:\/\/oamarquitectos.es\/es\/\",\"name\":\"OFICINA DE ARQUITECTURA MALAGA\",\"description\":\"Estudio de arquitectura con sede en M\u00e1laga con trabajos alrededor del mundo\",\"publisher\":{\"@id\":\"https:\/\/oamarquitectos.es\/es\/#organization\"},\"potentialAction\":[{\"@type\":\"SearchAction\",\"target\":{\"@type\":\"EntryPoint\",\"urlTemplate\":\"https:\/\/oamarquitectos.es\/es\/?s={search_term_string}\"},\"query-input\":{\"@type\":\"PropertyValueSpecification\",\"valueRequired\":true,\"valueName\":\"search_term_string\"}}],\"inLanguage\":\"es\"},{\"@type\":\"Organization\",\"@id\":\"https:\/\/oamarquitectos.es\/es\/#organization\",\"name\":\"OamArquitectos\",\"url\":\"https:\/\/oamarquitectos.es\/es\/\",\"logo\":{\"@type\":\"ImageObject\",\"inLanguage\":\"es\",\"@id\":\"https:\/\/oamarquitectos.es\/es\/#\/schema\/logo\/image\/\",\"url\":\"https:\/\/oamarquitectos.es\/wp-content\/uploads\/2020\/12\/LOGO-WEB-ESP-1.jpg\",\"contentUrl\":\"https:\/\/oamarquitectos.es\/wp-content\/uploads\/2020\/12\/LOGO-WEB-ESP-1.jpg\",\"width\":400,\"height\":48,\"caption\":\"OamArquitectos\"},\"image\":{\"@id\":\"https:\/\/oamarquitectos.es\/es\/#\/schema\/logo\/image\/\"}}]}<\/script>\n<!-- \/ Yoast SEO plugin. -->","yoast_head_json":{"title":"SERVICIOS - OFICINA DE ARQUITECTURA MALAGA","robots":{"index":"index","follow":"follow","max-snippet":"max-snippet:-1","max-image-preview":"max-image-preview:large","max-video-preview":"max-video-preview:-1"},"canonical":"https:\/\/oamarquitectos.es\/es\/servicios\/","og_locale":"es_ES","og_type":"article","og_title":"SERVICIOS - OFICINA DE ARQUITECTURA MALAGA","og_url":"https:\/\/oamarquitectos.es\/es\/servicios\/","og_site_name":"OFICINA DE ARQUITECTURA MALAGA","article_modified_time":"2020-12-17T12:06:56+00:00","og_image":[{"url":"https:\/\/oamarquitectos.es\/wp-content\/uploads\/2020\/12\/GESTION-PROYECTOS-1.jpg","type":"","width":"","height":""}],"twitter_card":"summary_large_image","schema":{"@context":"https:\/\/schema.org","@graph":[{"@type":"WebPage","@id":"https:\/\/oamarquitectos.es\/es\/servicios\/","url":"https:\/\/oamarquitectos.es\/es\/servicios\/","name":"SERVICIOS - OFICINA DE ARQUITECTURA MALAGA","isPartOf":{"@id":"https:\/\/oamarquitectos.es\/es\/#website"},"primaryImageOfPage":{"@id":"https:\/\/oamarquitectos.es\/es\/servicios\/#primaryimage"},"image":{"@id":"https:\/\/oamarquitectos.es\/es\/servicios\/#primaryimage"},"thumbnailUrl":"https:\/\/oamarquitectos.es\/wp-content\/uploads\/2020\/12\/GESTION-PROYECTOS-1.jpg","datePublished":"2020-12-14T13:57:46+00:00","dateModified":"2020-12-17T12:06:56+00:00","breadcrumb":{"@id":"https:\/\/oamarquitectos.es\/es\/servicios\/#breadcrumb"},"inLanguage":"es","potentialAction":[{"@type":"ReadAction","target":["https:\/\/oamarquitectos.es\/es\/servicios\/"]}]},{"@type":"ImageObject","inLanguage":"es","@id":"https:\/\/oamarquitectos.es\/es\/servicios\/#primaryimage","url":"https:\/\/oamarquitectos.es\/wp-content\/uploads\/2020\/12\/GESTION-PROYECTOS-1.jpg","contentUrl":"https:\/\/oamarquitectos.es\/wp-content\/uploads\/2020\/12\/GESTION-PROYECTOS-1.jpg"},{"@type":"BreadcrumbList","@id":"https:\/\/oamarquitectos.es\/es\/servicios\/#breadcrumb","itemListElement":[{"@type":"ListItem","position":1,"name":"Portada","item":"https:\/\/oamarquitectos.es\/es\/"},{"@type":"ListItem","position":2,"name":"SERVICIOS"}]},{"@type":"WebSite","@id":"https:\/\/oamarquitectos.es\/es\/#website","url":"https:\/\/oamarquitectos.es\/es\/","name":"OFICINA DE ARQUITECTURA MALAGA","description":"Estudio de arquitectura con sede en M\u00e1laga con trabajos alrededor del mundo","publisher":{"@id":"https:\/\/oamarquitectos.es\/es\/#organization"},"potentialAction":[{"@type":"SearchAction","target":{"@type":"EntryPoint","urlTemplate":"https:\/\/oamarquitectos.es\/es\/?s={search_term_string}"},"query-input":{"@type":"PropertyValueSpecification","valueRequired":true,"valueName":"search_term_string"}}],"inLanguage":"es"},{"@type":"Organization","@id":"https:\/\/oamarquitectos.es\/es\/#organization","name":"OamArquitectos","url":"https:\/\/oamarquitectos.es\/es\/","logo":{"@type":"ImageObject","inLanguage":"es","@id":"https:\/\/oamarquitectos.es\/es\/#\/schema\/logo\/image\/","url":"https:\/\/oamarquitectos.es\/wp-content\/uploads\/2020\/12\/LOGO-WEB-ESP-1.jpg","contentUrl":"https:\/\/oamarquitectos.es\/wp-content\/uploads\/2020\/12\/LOGO-WEB-ESP-1.jpg","width":400,"height":48,"caption":"OamArquitectos"},"image":{"@id":"https:\/\/oamarquitectos.es\/es\/#\/schema\/logo\/image\/"}}]}},"_links":{"self":[{"href":"https:\/\/oamarquitectos.es\/es\/wp-json\/wp\/v2\/pages\/1733","targetHints":{"allow":["GET"]}}],"collection":[{"href":"https:\/\/oamarquitectos.es\/es\/wp-json\/wp\/v2\/pages"}],"about":[{"href":"https:\/\/oamarquitectos.es\/es\/wp-json\/wp\/v2\/types\/page"}],"author":[{"embeddable":true,"href":"https:\/\/oamarquitectos.es\/es\/wp-json\/wp\/v2\/users\/3"}],"replies":[{"embeddable":true,"href":"https:\/\/oamarquitectos.es\/es\/wp-json\/wp\/v2\/comments?post=1733"}],"version-history":[{"count":12,"href":"https:\/\/oamarquitectos.es\/es\/wp-json\/wp\/v2\/pages\/1733\/revisions"}],"predecessor-version":[{"id":1964,"href":"https:\/\/oamarquitectos.es\/es\/wp-json\/wp\/v2\/pages\/1733\/revisions\/1964"}],"wp:attachment":[{"href":"https:\/\/oamarquitectos.es\/es\/wp-json\/wp\/v2\/media?parent=1733"}],"curies":[{"name":"wp","href":"https:\/\/api.w.org\/{rel}","templated":true}]}}